{"id":30,"date":"2024-03-08T09:04:27","date_gmt":"2024-03-08T08:04:27","guid":{"rendered":"https:\/\/schlumpf3.wordpress.com\/?page_id=30"},"modified":"2024-06-14T18:39:50","modified_gmt":"2024-06-14T18:39:50","slug":"der-verein","status":"publish","type":"page","link":"https:\/\/foerderverein-stimbergzwerge.de\/?page_id=30","title":{"rendered":"Der Verein"},"content":{"rendered":"\n<div class=\"wp-block-group alignfull has-global-padding is-layout-constrained wp-block-group-is-layout-constrained\">\n<div class=\"wp-block-columns alignwide is-layout-flex wp-container-core-columns-is-layout-1 wp-block-columns-is-layout-flex\" style=\"margin-bottom:var(--wp--preset--spacing--70)\">\n<div class=\"wp-block-column is-layout-flow wp-block-column-is-layout-flow\">\n<div class=\"wp-block-cover has-custom-content-position is-position-bottom-right\"><span aria-hidden=\"true\" class=\"wp-block-cover__background has-background-dim-0 has-background-dim\"><\/span><img loading=\"lazy\" decoding=\"async\" width=\"800\" height=\"600\" class=\"wp-block-cover__image-background wp-image-79\" alt=\"\" src=\"https:\/\/foerderverein-stimbergzwerge.de\/wp-content\/uploads\/2024\/03\/Aussengelaende.jpg\" data-object-fit=\"cover\" srcset=\"https:\/\/foerderverein-stimbergzwerge.de\/wp-content\/uploads\/2024\/03\/Aussengelaende.jpg 800w, https:\/\/foerderverein-stimbergzwerge.de\/wp-content\/uploads\/2024\/03\/Aussengelaende-300x225.jpg 300w, https:\/\/foerderverein-stimbergzwerge.de\/wp-content\/uploads\/2024\/03\/Aussengelaende-768x576.jpg 768w\" sizes=\"auto, (max-width: 800px) 100vw, 800px\" \/><div class=\"wp-block-cover__inner-container is-layout-flow wp-block-cover-is-layout-flow\">\n<p class=\"has-text-align-center has-background-color has-text-color has-link-color has-large-font-size wp-elements-e2bf611257d998e4f6dd801da5d96ce1\">\u00a9 junikum<\/p>\n<\/div><\/div>\n<\/div>\n\n\n\n<div class=\"wp-block-column is-vertically-aligned-center is-layout-flow wp-block-column-is-layout-flow\">\n<h2 class=\"wp-block-heading has-primary-color has-text-color has-link-color wp-elements-dfd146808b553b08b15ce5c69652858e\">\u00dcber uns<\/h2>\n\n\n\n<p class=\"has-small-font-size\">Der Verein f\u00f6rdert und unterst\u00fctzt die Kindertagesst\u00e4tte StimbergZWERGE. Wir helfen bei der Finanzierung wie auch der Organisation von Aktionen, Aktivit\u00e4ten und Anschaffungen, um den Kindern der KiTa noch spannendere, abwechslungs- und lehrreichere Zeiten erm\u00f6glichen zu k\u00f6nnen. Alle Erl\u00f6se und Spenden kommen ausschlie\u00dflich den Kindern der StimbergZWERGE zugute. Um neben verschiedener Zuwendungen und Spenden unsere Ziele zu erreichen, organisieren wir z.B. einen Waffelverkauf, Kinderflohmarkt und Weiteres.<br>Gerne sind wir offen f\u00fcr Ihre Vorschl\u00e4ge und freuen uns \u00fcber jede Initiative Ihrerseits.<\/p>\n\n\n\n<p class=\"has-small-font-size\">Als eingetragener gemeinn\u00fctziger Verein sehen wir uns als Plattform f\u00fcr Eltern, Gro\u00dfeltern, Verwandte und Freunde, die sich in unterschiedlicher Form an der F\u00f6rderung und Unterst\u00fctzung der Kinder und der Kita StimbergZwerge beteiligen m\u00f6chten.<\/p>\n\n\n\n<p class=\"has-small-font-size\">Dies geschieht zum Beispiel durch:<\/p>\n\n\n\n<ul class=\"has-small-font-size wp-block-list\">\n<li>Anschaffung von Spielger\u00e4ten<\/li>\n\n\n\n<li>Beschaffung von Einrichtungsgegenst\u00e4nden<\/li>\n\n\n\n<li>Finanzielle Unterst\u00fctzung bei Ausfl\u00fcgen<\/li>\n\n\n\n<li>Investitionen in Spiel- und Arbeitsmaterialien<\/li>\n<\/ul>\n<\/div>\n<\/div>\n<\/div>\n\n\n\n<div class=\"wp-block-group has-global-padding is-layout-constrained wp-block-group-is-layout-constrained\" style=\"margin-bottom:var(--wp--preset--spacing--70)\">\n<h2 class=\"wp-block-heading has-primary-color has-text-color has-link-color wp-elements-f313696eb1646bab4bdb55d27bb8dc20\">Unsere Ziele<\/h2>\n\n\n\n<p>Der Verein f\u00f6rdert und unterst\u00fctzt die Kindertagesst\u00e4tte StimbergZWERGE. Wir helfen bei der Finanzierung wie auch der Organisation von Aktionen, Aktivit\u00e4ten und Anschaffungen, um den Kindern der KiTa noch spannendere, abwechslungs- und lehrreichere Zeiten erm\u00f6glichen zu k\u00f6nnen. Alle Erl\u00f6se und Spenden kommen ausschlie\u00dflich den Kindern der StimbergZWERGE zugute. Um neben verschiedener Zuwendungen und Spenden unsere Ziele zu erreichen, organisieren wir z.B. einen Waffelverkauf, Kinderflohmarkt und Weiteres.<br>Gerne sind wir offen f\u00fcr Ihre Vorschl\u00e4ge und freuen uns \u00fcber jede Initiative Ihrerseits.<\/p>\n<\/div>\n\n\n\n<div class=\"wp-block-group has-global-padding is-layout-constrained wp-block-group-is-layout-constrained\" style=\"margin-bottom:var(--wp--preset--spacing--70)\">\n<h2 class=\"wp-block-heading has-primary-color has-text-color has-link-color wp-elements-cccd10d4345c4055dad4c58c0da98ba7\">Ihre M\u00f6glichkeiten<\/h2>\n\n\n\n<p>Sie haben die M\u00f6glichkeit mit Ihren Spenden oder einer aktiven Mitgliedschaft einen positiven Beitrag zu leisten.<br>Werden Sie Mitglied des F\u00f6rdervereins.<br>F\u00fcr weitere Informationen wenden Sie sich jederzeit an die Mitarbeiter:innen der StimbergZWERGE oder an ein Vorstandsmitglied des F\u00f6rdervereins.<\/p>\n<\/div>\n\n\n\n<div class=\"wp-block-cover alignfull is-light has-primary-color has-text-color has-link-color wp-elements-280e6494d271ecbf0162784c46a52d63\"><span aria-hidden=\"true\" class=\"wp-block-cover__background has-background-dim-10 has-background-dim\" style=\"background-color:#FFF\"><\/span><img loading=\"lazy\" decoding=\"async\" width=\"800\" height=\"600\" class=\"wp-block-cover__image-background wp-image-81\" alt=\"\" src=\"https:\/\/foerderverein-stimbergzwerge.de\/wp-content\/uploads\/2024\/03\/schlafraum.jpg\" data-object-fit=\"cover\" srcset=\"https:\/\/foerderverein-stimbergzwerge.de\/wp-content\/uploads\/2024\/03\/schlafraum.jpg 800w, https:\/\/foerderverein-stimbergzwerge.de\/wp-content\/uploads\/2024\/03\/schlafraum-300x225.jpg 300w, https:\/\/foerderverein-stimbergzwerge.de\/wp-content\/uploads\/2024\/03\/schlafraum-768x576.jpg 768w\" sizes=\"auto, (max-width: 800px) 100vw, 800px\" \/><div class=\"wp-block-cover__inner-container has-global-padding is-layout-constrained wp-block-cover-is-layout-constrained\">\n<h2 class=\"wp-block-heading\">Schaffen wir etwas gemeinsam<\/h2>\n\n\n\n<div class=\"wp-block-buttons is-content-justification-center is-layout-flex wp-container-core-buttons-is-layout-1 wp-block-buttons-is-layout-flex\">\n<div class=\"wp-block-button\"><a class=\"wp-block-button__link has-background-color has-primary-background-color has-text-color has-background has-link-color wp-element-button\" href=\"http:\/\/qwertz.familie-zachau.de\/kontakt\/#Kontaktformular\" rel=\"\">Kontaktiere uns<\/a><\/div>\n<\/div>\n<\/div><\/div>\n\n\n\n<p class=\"has-text-align-right\" style=\"margin-top:0;margin-right:0;margin-bottom:0;margin-left:0\">\u00a9 junikum<\/p>\n","protected":false},"excerpt":{"rendered":"<p>\u00dcber uns Der Verein f\u00f6rdert und unterst\u00fctzt die Kindertagesst\u00e4tte StimbergZWERGE. Wir helfen bei der Finanzierung wie auch der Organisation von Aktionen, Aktivit\u00e4ten und Anschaffungen, um den Kindern der KiTa noch spannendere, abwechslungs- und lehrreichere Zeiten erm\u00f6glichen zu k\u00f6nnen. Alle Erl\u00f6se und Spenden kommen ausschlie\u00dflich den Kindern der StimbergZWERGE zugute. Um neben verschiedener Zuwendungen und Spenden [&hellip;]<\/p>\n","protected":false},"author":2,"featured_media":0,"parent":0,"menu_order":1,"comment_status":"closed","ping_status":"closed","template":"","meta":{"footnotes":""},"class_list":["post-30","page","type-page","status-publish","hentry"],"_links":{"self":[{"href":"https:\/\/foerderverein-stimbergzwerge.de\/index.php?rest_route=\/wp\/v2\/pages\/30","targetHints":{"allow":["GET"]}}],"collection":[{"href":"https:\/\/foerderverein-stimbergzwerge.de\/index.php?rest_route=\/wp\/v2\/pages"}],"about":[{"href":"https:\/\/foerderverein-stimbergzwerge.de\/index.php?rest_route=\/wp\/v2\/types\/page"}],"author":[{"embeddable":true,"href":"https:\/\/foerderverein-stimbergzwerge.de\/index.php?rest_route=\/wp\/v2\/users\/2"}],"replies":[{"embeddable":true,"href":"https:\/\/foerderverein-stimbergzwerge.de\/index.php?rest_route=%2Fwp%2Fv2%2Fcomments&post=30"}],"version-history":[{"count":2,"href":"https:\/\/foerderverein-stimbergzwerge.de\/index.php?rest_route=\/wp\/v2\/pages\/30\/revisions"}],"predecessor-version":[{"id":402,"href":"https:\/\/foerderverein-stimbergzwerge.de\/index.php?rest_route=\/wp\/v2\/pages\/30\/revisions\/402"}],"wp:attachment":[{"href":"https:\/\/foerderverein-stimbergzwerge.de\/index.php?rest_route=%2Fwp%2Fv2%2Fmedia&parent=30"}],"curies":[{"name":"wp","href":"https:\/\/api.w.org\/{rel}","templated":true}]}}