{"id":318,"date":"2024-03-27T13:37:47","date_gmt":"2024-03-27T13:37:47","guid":{"rendered":"http:\/\/qwertz.familie-zachau.de\/?page_id=318"},"modified":"2024-04-15T18:08:05","modified_gmt":"2024-04-15T18:08:05","slug":"downloads","status":"publish","type":"page","link":"https:\/\/foerderverein-stimbergzwerge.de\/?page_id=318","title":{"rendered":"Downloads"},"content":{"rendered":"\n<p>Hier finden Sie unseren Publikationen in unterschiedlichen Sprachen.<\/p>\n\n\n\n<ul class=\"wp-block-list\">\n<li><a href=\"#DownloadGermany\" data-type=\"internal\" data-id=\"#DownloadGermany\">Dokumente in deutscher Sprache<\/a><\/li>\n\n\n\n<li><a href=\"#DownloadEnglish\">Documents in english<\/a><\/li>\n\n\n\n<li><a href=\"#DownloadsTurkish\">T\u00fcrk\u00e7e Dok\u00fcmanlar<\/a><\/li>\n<\/ul>\n\n\n\n<p>Sollte Ihnen eine Sprache fehlen, so schicken Sie uns bitte eine kurze Nachricht. Wir versuchen diese dann zu erg\u00e4nzen.<\/p>\n\n\n\n<hr class=\"wp-block-separator has-alpha-channel-opacity\"\/>\n\n\n\n<div class=\"wp-block-group has-global-padding is-layout-constrained wp-block-group-is-layout-constrained\">\n<h2 class=\"wp-block-heading has-primary-color has-text-color has-link-color wp-elements-30770c6c3efdae1aca2ef5df74e51ea2\" id=\"DownloadGermany\">Dokumente in deutscher Sprache<\/h2>\n\n\n\n<div class=\"wp-block-group has-global-padding is-layout-constrained wp-block-group-is-layout-constrained\">\n<h2 class=\"wp-block-heading has-tertiary-color has-text-color has-link-color wp-elements-cc727ec04875a29397a7f6a50f52f1a4\">Info-Flyer<\/h2>\n\n\n\n<div data-wp-interactive=\"core\/file\" class=\"wp-block-file\"><object data-wp-bind--hidden=\"!state.hasPdfPreview\" hidden class=\"wp-block-file__embed\" data=\"https:\/\/foerderverein-stimbergzwerge.de\/wp-content\/uploads\/2024\/03\/Flyer-Kita-2024.03.27_deutsch.pdf\" type=\"application\/pdf\" style=\"width:100%;height:600px\" aria-label=\"Einbettung von Flyer-Kita-2024.03.27_deutsch.\"><\/object><a id=\"wp-block-file--media-16c1e2fe-3e72-4112-ada9-130dde724cf8\" href=\"https:\/\/foerderverein-stimbergzwerge.de\/wp-content\/uploads\/2024\/03\/Flyer-Kita-2024.03.27_deutsch.pdf\">Flyer-Kita-2024.03.27_deutsch<\/a><a href=\"https:\/\/foerderverein-stimbergzwerge.de\/wp-content\/uploads\/2024\/03\/Flyer-Kita-2024.03.27_deutsch.pdf\" class=\"wp-block-file__button wp-element-button\" download aria-describedby=\"wp-block-file--media-16c1e2fe-3e72-4112-ada9-130dde724cf8\">Herunterladen<\/a><\/div>\n<\/div>\n\n\n\n<div class=\"wp-block-group has-global-padding is-layout-constrained wp-block-group-is-layout-constrained\">\n<h2 class=\"wp-block-heading has-tertiary-color has-text-color has-link-color wp-elements-8c9188cd36d0390f11484393613c150c\">Beitrittserkl\u00e4rung<\/h2>\n\n\n\n<div data-wp-interactive=\"core\/file\" class=\"wp-block-file\"><object data-wp-bind--hidden=\"!state.hasPdfPreview\" hidden class=\"wp-block-file__embed\" data=\"https:\/\/foerderverein-stimbergzwerge.de\/wp-content\/uploads\/2024\/03\/2023-07-31-Beitrittserklaerung_Sepa-Mandat.pdf\" type=\"application\/pdf\" style=\"width:100%;height:600px\" aria-label=\"Einbettung von 2023-07-31-Beitrittserklaerung_Sepa-Mandat.\"><\/object><a id=\"wp-block-file--media-37a2a2dd-3dcf-478c-8268-decb67bc40b8\" href=\"https:\/\/foerderverein-stimbergzwerge.de\/wp-content\/uploads\/2024\/03\/2023-07-31-Beitrittserklaerung_Sepa-Mandat.pdf\">2023-07-31-Beitrittserklaerung_Sepa-Mandat<\/a><a href=\"https:\/\/foerderverein-stimbergzwerge.de\/wp-content\/uploads\/2024\/03\/2023-07-31-Beitrittserklaerung_Sepa-Mandat.pdf\" class=\"wp-block-file__button wp-element-button\" download aria-describedby=\"wp-block-file--media-37a2a2dd-3dcf-478c-8268-decb67bc40b8\">Herunterladen<\/a><\/div>\n<\/div>\n\n\n\n<div class=\"wp-block-group has-global-padding is-layout-constrained wp-block-group-is-layout-constrained\">\n<h2 class=\"wp-block-heading\">Waffelrezept EDEKA<\/h2>\n\n\n\n<div data-wp-interactive=\"core\/file\" class=\"wp-block-file\"><object data-wp-bind--hidden=\"!state.hasPdfPreview\" hidden class=\"wp-block-file__embed\" data=\"https:\/\/foerderverein-stimbergzwerge.de\/wp-content\/uploads\/2024\/03\/Waffelrezept_EDEKA.pdf\" type=\"application\/pdf\" style=\"width:100%;height:600px\" aria-label=\"Einbettung von Waffelrezept_EDEKA.\"><\/object><a id=\"wp-block-file--media-d00d1ce7-d3e2-4141-94ab-887796ed1e2e\" href=\"https:\/\/foerderverein-stimbergzwerge.de\/wp-content\/uploads\/2024\/03\/Waffelrezept_EDEKA.pdf\">Waffelrezept_EDEKA<\/a><a href=\"https:\/\/foerderverein-stimbergzwerge.de\/wp-content\/uploads\/2024\/03\/Waffelrezept_EDEKA.pdf\" class=\"wp-block-file__button wp-element-button\" download aria-describedby=\"wp-block-file--media-d00d1ce7-d3e2-4141-94ab-887796ed1e2e\">Herunterladen<\/a><\/div>\n<\/div>\n<\/div>\n\n\n\n<hr class=\"wp-block-separator has-alpha-channel-opacity\"\/>\n\n\n\n<div class=\"wp-block-group has-global-padding is-layout-constrained wp-block-group-is-layout-constrained\">\n<h2 class=\"wp-block-heading has-primary-color has-text-color has-link-color wp-elements-4847835de0e29e3d7314bb185f01f7e7\" id=\"DownloadEnglish\">Documents in English<\/h2>\n\n\n\n<div data-wp-interactive=\"core\/file\" class=\"wp-block-file\"><object data-wp-bind--hidden=\"!state.hasPdfPreview\" hidden class=\"wp-block-file__embed\" data=\"https:\/\/foerderverein-stimbergzwerge.de\/wp-content\/uploads\/2024\/03\/Flyer-Kita-2024.03.27_englisch.pdf\" type=\"application\/pdf\" style=\"width:100%;height:600px\" aria-label=\"Einbettung von Flyer-Kita-2024.03.27_englisch.\"><\/object><a id=\"wp-block-file--media-5f6392fc-eb73-4dec-8fd8-387428e3525f\" href=\"https:\/\/foerderverein-stimbergzwerge.de\/wp-content\/uploads\/2024\/03\/Flyer-Kita-2024.03.27_englisch.pdf\">Flyer-Kita-2024.03.27_englisch<\/a><a href=\"https:\/\/foerderverein-stimbergzwerge.de\/wp-content\/uploads\/2024\/03\/Flyer-Kita-2024.03.27_englisch.pdf\" class=\"wp-block-file__button wp-element-button\" download aria-describedby=\"wp-block-file--media-5f6392fc-eb73-4dec-8fd8-387428e3525f\">Herunterladen<\/a><\/div>\n<\/div>\n\n\n\n<hr class=\"wp-block-separator has-alpha-channel-opacity\"\/>\n\n\n\n<div class=\"wp-block-group has-global-padding is-layout-constrained wp-block-group-is-layout-constrained\">\n<h2 class=\"wp-block-heading has-primary-color has-text-color has-link-color wp-elements-f34b0698db90d23ec9caad3a0d88ae45\" id=\"DownloadsTurkish\">T\u00fcrk\u00e7e Dok\u00fcmanlar<\/h2>\n\n\n\n<div data-wp-interactive=\"core\/file\" class=\"wp-block-file\"><object data-wp-bind--hidden=\"!state.hasPdfPreview\" hidden class=\"wp-block-file__embed\" data=\"https:\/\/foerderverein-stimbergzwerge.de\/wp-content\/uploads\/2024\/03\/Flyer-Kita-2024.03.27_tuerkisch.pdf\" type=\"application\/pdf\" style=\"width:100%;height:600px\" aria-label=\"Einbettung von Flyer-Kita-2024.03.27_tuerkisch.\"><\/object><a id=\"wp-block-file--media-ad5d7c8e-f966-4bb0-8860-fe8cb9590acc\" href=\"https:\/\/foerderverein-stimbergzwerge.de\/wp-content\/uploads\/2024\/03\/Flyer-Kita-2024.03.27_tuerkisch.pdf\">Flyer-Kita-2024.03.27_tuerkisch<\/a><a href=\"https:\/\/foerderverein-stimbergzwerge.de\/wp-content\/uploads\/2024\/03\/Flyer-Kita-2024.03.27_tuerkisch.pdf\" class=\"wp-block-file__button wp-element-button\" download aria-describedby=\"wp-block-file--media-ad5d7c8e-f966-4bb0-8860-fe8cb9590acc\">Herunterladen<\/a><\/div>\n<\/div>\n","protected":false},"excerpt":{"rendered":"<p>Hier finden Sie unseren Publikationen in unterschiedlichen Sprachen. Sollte Ihnen eine Sprache fehlen, so schicken Sie uns bitte eine kurze Nachricht. Wir versuchen diese dann zu erg\u00e4nzen. Dokumente in deutscher Sprache Info-Flyer Beitrittserkl\u00e4rung Waffelrezept EDEKA Documents in English T\u00fcrk\u00e7e Dok\u00fcmanlar<\/p>\n","protected":false},"author":2,"featured_media":0,"parent":0,"menu_order":5,"comment_status":"closed","ping_status":"closed","template":"","meta":{"footnotes":""},"class_list":["post-318","page","type-page","status-publish","hentry"],"_links":{"self":[{"href":"https:\/\/foerderverein-stimbergzwerge.de\/index.php?rest_route=\/wp\/v2\/pages\/318","targetHints":{"allow":["GET"]}}],"collection":[{"href":"https:\/\/foerderverein-stimbergzwerge.de\/index.php?rest_route=\/wp\/v2\/pages"}],"about":[{"href":"https:\/\/foerderverein-stimbergzwerge.de\/index.php?rest_route=\/wp\/v2\/types\/page"}],"author":[{"embeddable":true,"href":"https:\/\/foerderverein-stimbergzwerge.de\/index.php?rest_route=\/wp\/v2\/users\/2"}],"replies":[{"embeddable":true,"href":"https:\/\/foerderverein-stimbergzwerge.de\/index.php?rest_route=%2Fwp%2Fv2%2Fcomments&post=318"}],"version-history":[{"count":1,"href":"https:\/\/foerderverein-stimbergzwerge.de\/index.php?rest_route=\/wp\/v2\/pages\/318\/revisions"}],"predecessor-version":[{"id":361,"href":"https:\/\/foerderverein-stimbergzwerge.de\/index.php?rest_route=\/wp\/v2\/pages\/318\/revisions\/361"}],"wp:attachment":[{"href":"https:\/\/foerderverein-stimbergzwerge.de\/index.php?rest_route=%2Fwp%2Fv2%2Fmedia&parent=318"}],"curies":[{"name":"wp","href":"https:\/\/api.w.org\/{rel}","templated":true}]}}