{"id":358,"date":"2024-04-15T18:08:33","date_gmt":"2024-04-15T18:08:33","guid":{"rendered":"https:\/\/foerderverein-stimbergzwerge.de\/?page_id=358"},"modified":"2024-04-15T18:49:24","modified_gmt":"2024-04-15T18:49:24","slug":"spenden","status":"publish","type":"page","link":"https:\/\/foerderverein-stimbergzwerge.de\/?page_id=358","title":{"rendered":"Spenden"},"content":{"rendered":"\n<div class=\"wp-block-group has-global-padding is-layout-constrained wp-block-group-is-layout-constrained\">\n<div class=\"wp-block-columns is-layout-flex wp-container-core-columns-is-layout-1 wp-block-columns-is-layout-flex\">\n<div class=\"wp-block-column is-layout-flow wp-block-column-is-layout-flow\" style=\"flex-basis:66.66%\">\n<p>Wir haben uns bei gooding.de registriert, weil wir dar\u00fcber zwei M\u00f6glichkeiten anbieten k\u00f6nnen unseren Verein zu unterst\u00fctzen.<\/p>\n\n\n\n<p>Sie m\u00f6chten dem Verein etwas Spenden? Dann haben Sie hier die M\u00f6glichkeit dazu.<\/p>\n<\/div>\n\n\n\n<div class=\"wp-block-column is-layout-flow wp-block-column-is-layout-flow\" style=\"flex-basis:33.33%\">\n<figure class=\"wp-block-image size-full\"><img loading=\"lazy\" decoding=\"async\" width=\"600\" height=\"600\" src=\"https:\/\/foerderverein-stimbergzwerge.de\/wp-content\/uploads\/2024\/04\/online-einkaufen-verein-unterstuetzen-mittel.png\" alt=\"\" class=\"wp-image-375\" srcset=\"https:\/\/foerderverein-stimbergzwerge.de\/wp-content\/uploads\/2024\/04\/online-einkaufen-verein-unterstuetzen-mittel.png 600w, https:\/\/foerderverein-stimbergzwerge.de\/wp-content\/uploads\/2024\/04\/online-einkaufen-verein-unterstuetzen-mittel-300x300.png 300w, https:\/\/foerderverein-stimbergzwerge.de\/wp-content\/uploads\/2024\/04\/online-einkaufen-verein-unterstuetzen-mittel-150x150.png 150w\" sizes=\"auto, (max-width: 600px) 100vw, 600px\" \/><\/figure>\n<\/div>\n<\/div>\n<\/div>\n\n\n\n<div class=\"wp-block-group has-global-padding is-layout-constrained wp-block-group-is-layout-constrained\">\n<h2 class=\"wp-block-heading has-primary-color has-text-color has-link-color wp-elements-a96ff331b1fe62be168698edc765453d\">M\u00f6glichkeit 1: Direktes Spenden<\/h2>\n\n\n\n<p>gooding.de bietet die M\u00f6glichkeit einmalig oder monatlich eine feste Summe an den Verein zu spenden. Dazu gibt es unterschiedliche Zahlungsarten.<\/p>\n\n\n\n<p>Am Ende landen die Spenden auf dem Konto unseres Vereins, ohne das wir als Verein etwas aktiv unternehmen m\u00fcssen.<\/p>\n\n\n\n<p>Dazu einfach \u00fcber folgenden Link auf gooding.de f\u00fcr unseren Verein spenden: <a href=\"https:\/\/spenden.gooding.de\/foerderverein-stimbergzwerge-e-v-123635\">https:\/\/spenden.gooding.de\/foerderverein-stimbergzwerge-e-v-123635<\/a> <\/p>\n\n\n\n<iframe loading=\"lazy\" width=\"468\" height=\"175\"  name=\"Gooding Banner-Widget\" id=\"Gooding Banner-Widget\" frameborder=\"0\" allowtransparency=\"true\" scrolling=\"yes\" title=\"Gooding Banner-Widget\" src=\"https:\/\/erweiterungen.gooding.de\/app\/widget\/foerderverein-stimbergzwerge-e-v-123635\/high-banner\/tab\/1\/donations\/1\/v\/1713205924.4SZOGXxcS6mAMIHuJNfbam8RG1aFQIiaykE30hAH0JRwax3IXA0OK2KNeV2m5Sgz4HABFzIDS3ufzm7Wg0nkmCUoBkBbkFd%252FoWx04oMp9sTmFHVxrYbw4xkUTgDMC9V40EUH5FEy%252F9JhMANF%252Fnzswy3GEAu4fu2%252FHAWFnY4SWiA%253D\"><\/iframe>\n<\/div>\n\n\n\n<div class=\"wp-block-group has-global-padding is-layout-constrained wp-block-group-is-layout-constrained\">\n<h2 class=\"wp-block-heading has-primary-color has-text-color has-link-color wp-elements-e67206fb033aee7f8c4b43f1f9a555fb\">M\u00f6glichkeit 2: Indirektes Spenden<\/h2>\n\n\n\n<figure class=\"wp-block-image size-large\"><img loading=\"lazy\" decoding=\"async\" width=\"1024\" height=\"288\" src=\"https:\/\/foerderverein-stimbergzwerge.de\/wp-content\/uploads\/2024\/04\/So-funktioniert-Gooding-Grafik-Mittel-1024x288.png\" alt=\"\" class=\"wp-image-377\" srcset=\"https:\/\/foerderverein-stimbergzwerge.de\/wp-content\/uploads\/2024\/04\/So-funktioniert-Gooding-Grafik-Mittel-1024x288.png 1024w, https:\/\/foerderverein-stimbergzwerge.de\/wp-content\/uploads\/2024\/04\/So-funktioniert-Gooding-Grafik-Mittel-300x84.png 300w, https:\/\/foerderverein-stimbergzwerge.de\/wp-content\/uploads\/2024\/04\/So-funktioniert-Gooding-Grafik-Mittel-768x216.png 768w, https:\/\/foerderverein-stimbergzwerge.de\/wp-content\/uploads\/2024\/04\/So-funktioniert-Gooding-Grafik-Mittel-1536x432.png 1536w, https:\/\/foerderverein-stimbergzwerge.de\/wp-content\/uploads\/2024\/04\/So-funktioniert-Gooding-Grafik-Mittel.png 2000w\" sizes=\"auto, (max-width: 1024px) 100vw, 1024px\" \/><\/figure>\n\n\n\n<p>Ein weiterer Weg ist die indirekte Spende. Hier wird kein fester Betrag gespendet. Satt dessen bekommen wir eine Pr\u00e4mie von dem Onlineshop in dem eingekauft wird.<\/p>\n\n\n\n<p>Dazu geht man einfach \u00fcber einen Link zu seinem Onlineshop. Die Preise in dem Shop werden dadurch nicht beeinflusst, so dass der Kauf f\u00fcr den Benutzer nicht teurer wird. Der Shop \u00fcberweist aber eine kleine Pr\u00e4mie an uns.<\/p>\n\n\n\n<p>Dazu bitte einfach \u00fcber den folgenden Link den Online-Shop suchen und dann dar\u00fcber Bestellen: <a href=\"https:\/\/einkaufen.gooding.de\/foerderverein-stimbergzwerge-e-v-123635\">https:\/\/einkaufen.gooding.de\/foerderverein-stimbergzwerge-e-v-123635<\/a><\/p>\n\n\n\n<iframe loading=\"lazy\" width=\"468\" height=\"175\"  name=\"Gooding Banner-Widget\" id=\"Gooding Banner-Widget\" frameborder=\"0\" allowtransparency=\"true\" scrolling=\"yes\" title=\"Gooding Banner-Widget\" src=\"https:\/\/erweiterungen.gooding.de\/app\/widget\/foerderverein-stimbergzwerge-e-v-123635\/high-banner\/tab\/0\/donations\/1\/v\/1713205873.GfU7%252FEVrpy8UoH5nvdr2UeEjvY2gA%252BBj3KDRs44vK9L3yr2xbvpB9gNEIOIySqPiZ1BwncdzDZ8u58LD%252BpDax74%252BC4CEYwj9Oz%252FmLGNQtJXjmx2Ai1RN8fQgyqhmmmYCPI5ypeJ7tZHy8qaEn4KJ6yiUs%252Ft354A%252FsTvGyJcKws4%253D\"><\/iframe>\n<\/div>\n\n\n\n<div class=\"wp-block-group has-global-padding is-layout-constrained wp-block-group-is-layout-constrained\">\n<h2 class=\"wp-block-heading has-primary-color has-text-color has-link-color wp-elements-1fbbacbfd3aa4f967dbb4277702b1948\">Weitere Informationen<\/h2>\n\n\n\n<p>Weitere Informationen rund um die Plattform gooding.de finden Sie hier: <a href=\"https:\/\/www.gooding.de\/faq\">https:\/\/www.gooding.de\/faq<\/a><\/p>\n<\/div>\n","protected":false},"excerpt":{"rendered":"<p>Wir haben uns bei gooding.de registriert, weil wir dar\u00fcber zwei M\u00f6glichkeiten anbieten k\u00f6nnen unseren Verein zu unterst\u00fctzen. Sie m\u00f6chten dem Verein etwas Spenden? Dann haben Sie hier die M\u00f6glichkeit dazu. M\u00f6glichkeit 1: Direktes Spenden gooding.de bietet die M\u00f6glichkeit einmalig oder monatlich eine feste Summe an den Verein zu spenden. Dazu gibt es unterschiedliche Zahlungsarten. Am [&hellip;]<\/p>\n","protected":false},"author":2,"featured_media":0,"parent":0,"menu_order":4,"comment_status":"closed","ping_status":"closed","template":"","meta":{"footnotes":""},"class_list":["post-358","page","type-page","status-publish","hentry"],"_links":{"self":[{"href":"https:\/\/foerderverein-stimbergzwerge.de\/index.php?rest_route=\/wp\/v2\/pages\/358","targetHints":{"allow":["GET"]}}],"collection":[{"href":"https:\/\/foerderverein-stimbergzwerge.de\/index.php?rest_route=\/wp\/v2\/pages"}],"about":[{"href":"https:\/\/foerderverein-stimbergzwerge.de\/index.php?rest_route=\/wp\/v2\/types\/page"}],"author":[{"embeddable":true,"href":"https:\/\/foerderverein-stimbergzwerge.de\/index.php?rest_route=\/wp\/v2\/users\/2"}],"replies":[{"embeddable":true,"href":"https:\/\/foerderverein-stimbergzwerge.de\/index.php?rest_route=%2Fwp%2Fv2%2Fcomments&post=358"}],"version-history":[{"count":7,"href":"https:\/\/foerderverein-stimbergzwerge.de\/index.php?rest_route=\/wp\/v2\/pages\/358\/revisions"}],"predecessor-version":[{"id":378,"href":"https:\/\/foerderverein-stimbergzwerge.de\/index.php?rest_route=\/wp\/v2\/pages\/358\/revisions\/378"}],"wp:attachment":[{"href":"https:\/\/foerderverein-stimbergzwerge.de\/index.php?rest_route=%2Fwp%2Fv2%2Fmedia&parent=358"}],"curies":[{"name":"wp","href":"https:\/\/api.w.org\/{rel}","templated":true}]}}