{"id":61,"date":"2024-03-08T10:21:01","date_gmt":"2024-03-08T09:21:01","guid":{"rendered":"https:\/\/schlumpf3.wordpress.com\/?page_id=61"},"modified":"2024-09-18T05:25:36","modified_gmt":"2024-09-18T05:25:36","slug":"kontakt","status":"publish","type":"page","link":"https:\/\/foerderverein-stimbergzwerge.de\/?page_id=61","title":{"rendered":"Kontakt"},"content":{"rendered":"\n<div class=\"wp-block-group alignfull has-global-padding is-layout-constrained wp-block-group-is-layout-constrained\">\n<div class=\"wp-block-columns alignwide is-layout-flex wp-container-core-columns-is-layout-1 wp-block-columns-is-layout-flex\" style=\"margin-bottom:var(--wp--preset--spacing--70)\">\n<div class=\"wp-block-column is-vertically-aligned-center is-layout-flow wp-block-column-is-layout-flow\" style=\"padding-right:var(--wp--preset--spacing--60);padding-left:0\">\n<div class=\"wp-block-group has-global-padding is-layout-constrained wp-block-group-is-layout-constrained\">\n<h2 class=\"wp-block-heading has-primary-color has-text-color has-link-color wp-elements-0f43be17c09e4d509a17f3dc11cae97c\">Sprechstunde<\/h2>\n\n\n\n<p>Wenn Sie uns pers\u00f6nlich erreichen m\u00f6chten, so k\u00f6nnen Sie uns einfach direkt ansprechen, wenn Sie uns in der KiTa antreffen.<\/p>\n\n\n\n<p>Alternativ erreichen Sie uns jeden Freitag von 08:00 Uhr bis 08:30 Uhr in der KiTa.<\/p>\n\n\n\n<p>Sprechen Sie uns gerne an.<\/p>\n<\/div>\n\n\n\n<div class=\"wp-block-group has-global-padding is-layout-constrained wp-block-group-is-layout-constrained\">\n<h2 class=\"wp-block-heading has-primary-color has-text-color has-link-color wp-elements-72e96a88c3d92b7245329c27fe2dfa0e\">E-Mail<\/h2>\n\n\n\n<p>M\u00f6chten Sie uns einer anderen Zeit erreichen, oder suchen Sie nicht den pers\u00f6nlichen Kontakt, so erreichen Sie uns am besten \u00fcber unsere E-Mail Adresse info@foerderverein-stimbergzwerge.de.<\/p>\n\n\n\n<p>Bitte schildern Sie uns kurz Ihr Anliegen und f\u00fcgen ggf. noch eine R\u00fcckrufnummer hinzu. Wir melden uns schnellstm\u00f6glich bei Ihnen zur\u00fcck.<\/p>\n\n\n\n<p>Alternativ k\u00f6nnen Sie auch gerne das&nbsp;<a href=\"#Kontaktformular\" data-type=\"internal\" data-id=\"#Kontaktformular\">Kontaktformular&nbsp;<\/a>auf dieser Seite nutzen.<\/p>\n<\/div>\n<\/div>\n\n\n\n<div class=\"wp-block-column is-layout-flow wp-block-column-is-layout-flow\" style=\"flex-basis:50%\">\n<div class=\"wp-block-cover has-custom-content-position is-position-bottom-right\"><span aria-hidden=\"true\" class=\"wp-block-cover__background has-background-dim-0 has-background-dim\"><\/span><img loading=\"lazy\" decoding=\"async\" width=\"800\" height=\"600\" class=\"wp-block-cover__image-background wp-image-79\" alt=\"\" src=\"https:\/\/foerderverein-stimbergzwerge.de\/wp-content\/uploads\/2024\/03\/Aussengelaende.jpg\" data-object-fit=\"cover\" srcset=\"https:\/\/foerderverein-stimbergzwerge.de\/wp-content\/uploads\/2024\/03\/Aussengelaende.jpg 800w, https:\/\/foerderverein-stimbergzwerge.de\/wp-content\/uploads\/2024\/03\/Aussengelaende-300x225.jpg 300w, https:\/\/foerderverein-stimbergzwerge.de\/wp-content\/uploads\/2024\/03\/Aussengelaende-768x576.jpg 768w\" sizes=\"auto, (max-width: 800px) 100vw, 800px\" \/><div class=\"wp-block-cover__inner-container is-layout-flow wp-block-cover-is-layout-flow\">\n<p class=\"has-text-align-center has-background-color has-text-color has-link-color has-large-font-size wp-elements-e2bf611257d998e4f6dd801da5d96ce1\">\u00a9 junikum<\/p>\n<\/div><\/div>\n<\/div>\n<\/div>\n<\/div>\n\n\n\n<div class=\"wp-block-group alignfull has-global-padding is-layout-constrained wp-block-group-is-layout-constrained\">\n<div class=\"wp-block-columns alignwide is-layout-flex wp-container-core-columns-is-layout-2 wp-block-columns-is-layout-flex\" style=\"margin-bottom:var(--wp--preset--spacing--70)\">\n<div class=\"wp-block-column is-layout-flow wp-block-column-is-layout-flow\" style=\"flex-basis:50%\">\n<div class=\"wp-block-group has-global-padding is-layout-constrained wp-block-group-is-layout-constrained\">\n<div class=\"wp-block-cover is-light has-custom-content-position is-position-bottom-right\"><span aria-hidden=\"true\" class=\"wp-block-cover__background has-background-dim-0 has-background-dim\"><\/span><img loading=\"lazy\" decoding=\"async\" width=\"800\" height=\"600\" class=\"wp-block-cover__image-background wp-image-81\" alt=\"\" src=\"https:\/\/foerderverein-stimbergzwerge.de\/wp-content\/uploads\/2024\/03\/schlafraum.jpg\" data-object-fit=\"cover\" srcset=\"https:\/\/foerderverein-stimbergzwerge.de\/wp-content\/uploads\/2024\/03\/schlafraum.jpg 800w, https:\/\/foerderverein-stimbergzwerge.de\/wp-content\/uploads\/2024\/03\/schlafraum-300x225.jpg 300w, https:\/\/foerderverein-stimbergzwerge.de\/wp-content\/uploads\/2024\/03\/schlafraum-768x576.jpg 768w\" sizes=\"auto, (max-width: 800px) 100vw, 800px\" \/><div class=\"wp-block-cover__inner-container is-layout-flow wp-block-cover-is-layout-flow\">\n<p class=\"has-text-align-center has-large-font-size\">\u00a9 junikum<\/p>\n<\/div><\/div>\n<\/div>\n<\/div>\n\n\n\n<div class=\"wp-block-column is-vertically-aligned-center is-layout-flow wp-block-column-is-layout-flow\" style=\"padding-right:0;padding-left:var(--wp--preset--spacing--60)\">\n<div class=\"wp-block-group has-global-padding is-layout-constrained wp-block-group-is-layout-constrained\">\n<h2 class=\"wp-block-heading has-primary-color has-text-color has-link-color wp-elements-0eea926298f59a7a7accd3fbfa9a8bd2\">Post<\/h2>\n\n\n\n<p>Nat\u00fcrlich k\u00f6nnen Sie uns auch einfach einen Brief schicken. Nutzen Sie dazu bitte die folgende Adresse:<\/p>\n\n\n\n<p>F\u00f6rderverein der KiTa StimbergZWERGE<br>Stimbergstra\u00dfe 165<br>45739 Oer-Erkenschwick<\/p>\n\n\n\n<div class=\"wp-block-group has-global-padding is-layout-constrained wp-block-group-is-layout-constrained\">\n<h2 class=\"wp-block-heading has-primary-color has-text-color has-link-color wp-elements-aa7845b9a9de04c340b6c0952106469f\">Nachricht<\/h2>\n\n\n\n<p>Sie k\u00f6nnen uns auch einfach direkt \u00fcber das Formular eine Nachricht zukommen lassen. F\u00fcllen Sie dazu einfach die Felder aus und dr\u00fccken Sie auf abschicken.<\/p>\n<\/div>\n<\/div>\n<\/div>\n<\/div>\n<\/div>\n\n\n\n<div class=\"wp-block-group has-global-padding is-layout-constrained wp-block-group-is-layout-constrained\">\n<h2 class=\"wp-block-heading has-primary-color has-text-color has-link-color wp-elements-ef0e7e1c55503a9cdfa48db0688655e6\" id=\"Kontaktformular\">Kontaktformular<\/h2>\n\n\n\n<p>Durch die Nutzung unseres Kontaktformulars stimmen Sie der Verarbeitung der Daten laut unserer <a href=\"https:\/\/foerderverein-stimbergzwerge.de\/?page_id=38\" data-type=\"page\" data-id=\"38\">Datenschutzerkl\u00e4rung <\/a>zu.<\/p>\n\n\n<div class=\"wpforms-container wpforms-container-full wpforms-block wpforms-block-cb78e596-d1d3-4a87-8eb5-2fbbbee00985 wpforms-render-modern\" id=\"wpforms-353\"><form id=\"wpforms-form-353\" class=\"wpforms-validate wpforms-form wpforms-ajax-form\" data-formid=\"353\" method=\"post\" enctype=\"multipart\/form-data\" action=\"\/index.php?rest_route=%2Fwp%2Fv2%2Fpages%2F61\" data-token=\"c024ecccea1095a3814d14cba0c79c53\" data-token-time=\"1776213151\"><noscript class=\"wpforms-error-noscript\">Bitte aktiviere JavaScript in deinem Browser, um dieses Formular fertigzustellen.<\/noscript><div id=\"wpforms-error-noscript\" style=\"display: none;\">Bitte aktiviere JavaScript in deinem Browser, um dieses Formular fertigzustellen.<\/div><div class=\"wpforms-field-container\"><div id=\"wpforms-353-field_0-container\" class=\"wpforms-field wpforms-field-name\" data-field-id=\"0\"><fieldset><legend class=\"wpforms-field-label\">Name <span class=\"wpforms-required-label\" aria-hidden=\"true\">*<\/span><\/legend><div class=\"wpforms-field-row wpforms-field-medium\"><div class=\"wpforms-field-row-block wpforms-first wpforms-one-half\"><input type=\"text\" id=\"wpforms-353-field_0\" class=\"wpforms-field-name-first wpforms-field-required\" name=\"wpforms[fields][0][first]\" aria-errormessage=\"wpforms-353-field_0-error\" required><label for=\"wpforms-353-field_0\" class=\"wpforms-field-sublabel after\">Vorname<\/label><\/div><div class=\"wpforms-field-row-block wpforms-one-half\"><input type=\"text\" id=\"wpforms-353-field_0-last\" class=\"wpforms-field-name-last wpforms-field-required\" name=\"wpforms[fields][0][last]\" aria-errormessage=\"wpforms-353-field_0-last-error\" required><label for=\"wpforms-353-field_0-last\" class=\"wpforms-field-sublabel after\">Nachname<\/label><\/div><\/div><\/fieldset><\/div><div id=\"wpforms-353-field_1-container\" class=\"wpforms-field wpforms-field-email\" data-field-id=\"1\"><label class=\"wpforms-field-label\" for=\"wpforms-353-field_1\">E-Mail-Adresse <span class=\"wpforms-required-label\" aria-hidden=\"true\">*<\/span><\/label><input type=\"email\" id=\"wpforms-353-field_1\" class=\"wpforms-field-medium wpforms-field-required\" name=\"wpforms[fields][1]\" spellcheck=\"false\" aria-errormessage=\"wpforms-353-field_1-error\" required><\/div><div id=\"wpforms-353-field_3-container\" class=\"wpforms-field wpforms-field-number\" data-field-id=\"3\"><label class=\"wpforms-field-label\" for=\"wpforms-353-field_3\">Telefonnummer<\/label><input type=\"number\" id=\"wpforms-353-field_3\" class=\"wpforms-field-medium\" name=\"wpforms[fields][3]\" step=\"any\" aria-errormessage=\"wpforms-353-field_3-error\" ><\/div><div id=\"wpforms-353-field_4-container\" class=\"wpforms-field wpforms-field-select wpforms-field-select-style-classic\" data-field-id=\"4\"><label class=\"wpforms-field-label\" for=\"wpforms-353-field_4\">Thema<\/label><select id=\"wpforms-353-field_4\" class=\"wpforms-field-medium\" name=\"wpforms[fields][4]\"><option value=\"Allgemeine Anfrage\"  class=\"choice-1 depth-1\"  >Allgemeine Anfrage<\/option><option value=\"Spende\"  class=\"choice-2 depth-1\"  >Spende<\/option><option value=\"Mitgliedschaft\"  class=\"choice-3 depth-1\"  >Mitgliedschaft<\/option><\/select><\/div><div id=\"wpforms-353-field_2-container\" class=\"wpforms-field wpforms-field-textarea\" data-field-id=\"2\"><label class=\"wpforms-field-label\" for=\"wpforms-353-field_2\">Ihre Nachricht <span class=\"wpforms-required-label\" aria-hidden=\"true\">*<\/span><\/label><textarea id=\"wpforms-353-field_2\" class=\"wpforms-field-medium wpforms-field-required\" name=\"wpforms[fields][2]\" aria-errormessage=\"wpforms-353-field_2-error\" required><\/textarea><\/div><\/div><!-- .wpforms-field-container --><div class=\"wpforms-submit-container\" ><input type=\"hidden\" name=\"wpforms[id]\" value=\"353\"><input type=\"hidden\" name=\"page_title\" value=\"\"><input type=\"hidden\" name=\"page_url\" value=\"https:\/\/foerderverein-stimbergzwerge.de\/index.php?rest_route=\/wp\/v2\/pages\/61\"><input type=\"hidden\" name=\"url_referer\" value=\"\"><button type=\"submit\" name=\"wpforms[submit]\" id=\"wpforms-submit-353\" class=\"wpforms-submit\" data-alt-text=\"Wird gesendet\u00a0\u2026\" data-submit-text=\"Absenden\" aria-live=\"assertive\" value=\"wpforms-submit\">Absenden<\/button><img loading=\"lazy\" decoding=\"async\" src=\"https:\/\/foerderverein-stimbergzwerge.de\/wp-content\/plugins\/wpforms-lite\/assets\/images\/submit-spin.svg\" class=\"wpforms-submit-spinner\" style=\"display: none;\" width=\"26\" height=\"26\" alt=\"Wird geladen\"><\/div><\/form><\/div>  <!-- .wpforms-container --><\/div>\n","protected":false},"excerpt":{"rendered":"<p>Sprechstunde Wenn Sie uns pers\u00f6nlich erreichen m\u00f6chten, so k\u00f6nnen Sie uns einfach direkt ansprechen, wenn Sie uns in der KiTa antreffen. Alternativ erreichen Sie uns jeden Freitag von 08:00 Uhr bis 08:30 Uhr in der KiTa. Sprechen Sie uns gerne an. E-Mail M\u00f6chten Sie uns einer anderen Zeit erreichen, oder suchen Sie nicht den pers\u00f6nlichen [&hellip;]<\/p>\n","protected":false},"author":2,"featured_media":0,"parent":0,"menu_order":2,"comment_status":"closed","ping_status":"closed","template":"","meta":{"footnotes":""},"class_list":["post-61","page","type-page","status-publish","hentry"],"_links":{"self":[{"href":"https:\/\/foerderverein-stimbergzwerge.de\/index.php?rest_route=\/wp\/v2\/pages\/61","targetHints":{"allow":["GET"]}}],"collection":[{"href":"https:\/\/foerderverein-stimbergzwerge.de\/index.php?rest_route=\/wp\/v2\/pages"}],"about":[{"href":"https:\/\/foerderverein-stimbergzwerge.de\/index.php?rest_route=\/wp\/v2\/types\/page"}],"author":[{"embeddable":true,"href":"https:\/\/foerderverein-stimbergzwerge.de\/index.php?rest_route=\/wp\/v2\/users\/2"}],"replies":[{"embeddable":true,"href":"https:\/\/foerderverein-stimbergzwerge.de\/index.php?rest_route=%2Fwp%2Fv2%2Fcomments&post=61"}],"version-history":[{"count":5,"href":"https:\/\/foerderverein-stimbergzwerge.de\/index.php?rest_route=\/wp\/v2\/pages\/61\/revisions"}],"predecessor-version":[{"id":405,"href":"https:\/\/foerderverein-stimbergzwerge.de\/index.php?rest_route=\/wp\/v2\/pages\/61\/revisions\/405"}],"wp:attachment":[{"href":"https:\/\/foerderverein-stimbergzwerge.de\/index.php?rest_route=%2Fwp%2Fv2%2Fmedia&parent=61"}],"curies":[{"name":"wp","href":"https:\/\/api.w.org\/{rel}","templated":true}]}}